{"id":61,"date":"2019-02-01T23:21:09","date_gmt":"2019-02-01T23:21:09","guid":{"rendered":"http:\/\/naturheilpraxis-nebel.de\/?page_id=61"},"modified":"2025-04-10T19:13:13","modified_gmt":"2025-04-10T19:13:13","slug":"osteopathie-sebastian-nebel","status":"publish","type":"page","link":"https:\/\/naturheilpraxis-nebel.de\/","title":{"rendered":"Ohne Titel"},"content":{"rendered":"<p><!--themify_builder_static--><img decoding=\"async\" src=\"https:\/\/cdn1.jameda-elements.de\/_images\/badges\/fach_banderole.gif\" border=\"0\" usemap=\"#jam_banderole\" \/><\/p>\n<map name=\"jam_banderole\" id=\"jam_banderole\">\n<area shape=\"poly\" coords=\"-5,0,160,165,160,123,37,0\" href=\"https:\/\/www.jameda.de\/weissenfels\/heilpraktiker\/osteopathie\/sebastian-nebel\/uebersicht\/81554119_1\/?utm_source=Kunden-Homepages&#038;utm_medium=Badges&#038;utm_term=81554119&#038;utm_campaign=Badges&#038;utm_content=Banderole\" target=\"_blank\" \/><\/map>\n<p><img loading=\"lazy\" decoding=\"async\" src=\"http:\/\/naturheilpraxis-nebel.de\/wp-content\/uploads\/2019\/02\/logowei\u00df.png\" width=\"596\" height=\"200\" title=\"Unbenannt\" alt=\"Unbenannt\"><\/p>\n<h1>Praxis f\u00fcr Osteopathie und Naturheilkunde<br \/>Sebastian Nebel<\/h1>\n<p><a href=\"https:\/\/www.jameda.de\/weissenfels\/heilpraktiker\/osteopathie\/fachgebiet\/?utm_content=BWnote&amp;utm_source=Kunden-Homepages&amp;utm_medium=Badges&amp;utm_term=81554119&amp;utm_campaign=Badges\" style=\"display:block; position:absolute; top:100px; left:10px; width:70px; height:20px; background-color:transparent !important;\" target=\"_blank\" rel=\"noopener noreferrer\"><\/a><br \/>\n<img loading=\"lazy\" decoding=\"async\" src=\"http:\/\/naturheilpraxis-nebel.de\/wp-content\/uploads\/2022\/04\/IMG_8342-Bearbeitet-scaled.jpg\" width=\"550\" height=\"700\" title=\"Unbenannt\" alt=\"Unbenannt\"><\/p>\n<p>Die Gesundheit ist ein kostbares Gut. Das erkennt man sp\u00e4testens,\u00a0wenn das Gleichgewicht des K\u00f6rpers einmal gest\u00f6rt ist.\u00a0<\/p>\n<p>Um dieses wiederherzustellen, betrachte ich jeden Menschen ganzheitlich und suche gemeinsam mit Ihnen einen L\u00f6sungsweg.\u00a0<\/p>\n<h1>Behandlungsschwerpunkte<\/h1>\n<ul>\n<li>chronisch rezidivierende Wirbels\u00e4ulebeschwerden<\/li>\n<\/ul>\n<ul>\n<li>Schulter-Nackenverspannungen<\/li>\n<\/ul>\n<ul>\n<li>Tendopathien \/ Sehnenscheidenentz\u00fcndungen<\/li>\n<\/ul>\n<ul>\n<li>Migr\u00e4ne und chronische Kopfschmerzen<\/li>\n<\/ul>\n<ul>\n<li>arthrosebedingte Gelenksbeschwerden<\/li>\n<\/ul>\n<ul>\n<li>Schwindel<\/li>\n<\/ul>\n<ul>\n<li><a href=\"https:\/\/sebastian-nebel.bemergroup.com\/de_DE\/human-line\/home\" target=\"_blank\" rel=\"noopener\">Physikalische Gef\u00e4\u00dftherapie BEMER<\/a>\u00a0(hier klicken)<\/li>\n<\/ul>\n<p style=\"text-align: center;\">Terminvereinbarung jetzt auch online m\u00f6glich:<\/p>\n<h1>Was ist Osteopathie?<br \/><\/h1>\n<p>Osteopathie ist ein manuelles Untersuchungs- und Behandlungsverfahren f\u00fcr den Bewegungsapparat, die Organe und das Nervensystem im K\u00f6rper. Der Osteopath untersucht und behandelt die Bewegungsm\u00f6glichkeiten all dieser Systeme manuell und sucht nach Bewegungseinschr\u00e4nkungen, die mit den Beschwerden des Patienten zusammenh\u00e4ngen k\u00f6nnen. Osteopathen greifen auf umfassendes praktisches Wissen im Bereich Anatomie, Physiologie, Neurologie und Pathologie zur\u00fcck.<br \/>\n<em><svg aria-hidden=\"true\"><use href=\"#tf-fas-leaf\"><\/use><\/svg><\/em><br \/>\nIn der Osteopathie sucht man nach der Ursache der Beschwerden, die nicht selten an einem anderen Ort zu finden ist als der Schmerz selbst. Der Osteopath heilt nicht, sondern regt den K\u00f6rper zur Selbstheilung an. Zu diesem Zweck l\u00f6st er Blockaden und hebt Bewegungseinschr\u00e4nkungen auf, die einer Genesung im Wege stehen.<br \/>\n<img loading=\"lazy\" decoding=\"async\" src=\"http:\/\/naturheilpraxis-nebel.de\/wp-content\/uploads\/2019\/08\/mark-daynes-J6p8nfCEuS4-unsplash.jpg\" width=\"3298\" height=\"2199\" alt=\"&quot;Wir sind, was wir denken. Alles, was wir sind, entsteht aus unseren Gedanken. Mit unseren Gedanken formen wir die Welt.&quot; \u2013 Buddha\"> &quot;Wir sind, was wir denken. <br \/> Alles, was wir sind, entsteht aus unseren Gedanken. <br \/> Mit unseren Gedanken formen wir die Welt.&quot;<br \/> \u2013 Buddha<\/p>\n<h1>Wie l\u00e4uft eine osteopathische Behandlung ab?<br \/><\/h1>\n<p>Der erste Besuch in meiner Praxis beginnt in der Regel mit einem ausf\u00fchrlichen Gespr\u00e4ch. Danach folgen eine umfassende k\u00f6rperliche Untersuchung und eine kurze Behandlung. Ab dem zweiten Termin steht dann die Therapie im Vordergrund. Bei Unklarheiten oder anderen Anliegen kann gerne ein zus\u00e4tzliches pers\u00f6nliches Gespr\u00e4ch eingeschoben werden.<\/p>\n<h1>Dauer und Kosten der Behandlung<br \/><\/h1>\n<p>Eine osteopathische Behandlung hat in der Regel eine Dauer von ca. einer Stunde. Die Erstanamnese mit einer ganzheitlicher Untersuchung inklusive einer VNS-Analyse (Stressanalyse) kostet \u20ac 170,-. Alle weiteren Termine jeweils \u20ac 145,-. <br \/> Behandlungen von S\u00e4uglingen und Kindern bis zum vollendeten 14. Lebensjahr kosten \u20ac 95,-. Da Osteopathie eine Privatleistung ist, muss der Betrag aus eigener Tasche gezahlt werden. <\/p>\n<p> <b> Allerdings &#8230; <\/b><\/p>\n<p>&#8230; werden mittlerweile die Behandlungen von vielen gesetzlichen und privaten Krankenkassen anteilig oder sogar vollst\u00e4ndig \u00fcbernommen. Bezuschussende Krankenkassen sind zum Beispiel die AOK, Techniker Krankenkasse, IKK Classic, BKK, Knappschaft, DAK uvm. F\u00fcr genaue Details informieren Sie sich bitte bei Ihrer Kasse. Bedingung f\u00fcr die Erstattung ist bei den meisten Krankenkassen ein Privatrezept, welches zum Beispiel Ihr Hausarzt, Orthop\u00e4de oder Zahnarzt ausstellen kann.<\/p>\n<h1>Kairos-Methode<br \/><\/h1>\n<p>Die Kairos-Methode ist eine besondere Form der naturheilkundlichen Medizin, die sich auf den Orthop\u00e4den Dr. med. Karsten Wurm begr\u00fcndet. Er entwickelte aus zum Teil sehr unterschiedlichen Therapieformen (wie zB. Osteopathie, Kinesiologie, Orthomolekularmedizin oder \u00a0Akupunktur) eine Behandlungsmethode, die es erlaubt sowohl den physischen, als auch den geistigen und spirituellen Teil des Menschen zu betrachten. Also eine ganzheitliche Behandlung der individuellen Beschwerden von Patienten.\u00a0<\/p>\n<p>Ich arbeite seit 2019 sehr erfolgreich mit der Kairos-Methode in meiner Praxis. Mittlerweile arbeite ich auch mit mehreren Netzwerkpartner aus verschiedenen medizinischen Fachbereichen (\u00c4rzten, Zahn\u00e4rzten, Therapeuten und Heilpraktikern) zusammen, mit deren Hilfe Patienten zielgerichtet Hilfe erhalten.<\/p>\n<p><iframe loading=\"lazy\" title=\"Die Kairos-Methode\" width=\"697\" height=\"392\" src=\"https:\/\/www.youtube.com\/embed\/Jhnra3iodwU?feature=oembed\" frameborder=\"0\" allow=\"accelerometer; autoplay; clipboard-write; encrypted-media; gyroscope; picture-in-picture; web-share\" referrerpolicy=\"strict-origin-when-cross-origin\" allowfullscreen><\/iframe><br \/>\n<img loading=\"lazy\" decoding=\"async\" src=\"http:\/\/naturheilpraxis-nebel.de\/wp-content\/uploads\/2022\/04\/Kairos-Silber-Partner-Logo-CMYK.jpg\" width=\"406\" height=\"453\" title=\"Unbenannt\" alt=\"Unbenannt\"><\/p>\n<h1>VNS-Analyse (Stressanalyse)<br \/><\/h1>\n<p>Die <b>VNS-Analyse<\/b> (Abk. steht f\u00fcr <b>V<\/b>egetatives <b>N<\/b>erven<b>s<\/b>ystem ) ist ein wissenschaftliches Messverfahren womit der Funktionszustand des vegetativen Nervensystems bestimmt werden kann. Das VNS steuert und reguliert alle lebensnotwendigen Grundfunktionen des K\u00f6rper wie z.B. Blutdruck, Herzschlag, Grundspannung der Muskulatur, Durchblutung, Verdauung, Hormon- und Immunsystem u.s.w. <br \/>Die beiden Hauptnerven des VNS sind der Stressnerv (Sympathikus) und der Erholungsnerv (Parasympathikus). Ist dieses \u00fcbergeordnete Regulationssystem gest\u00f6rt, kann das unterschiedlichste Krankheiten bzw. Symptome zur Folge haben: <\/p>\n<p> <b>Aktivit\u00e4t des Sympathikus:<\/b> <\/p>\n<p> &#8211; Blutdruckerh\u00f6hung durch erh\u00f6hte Herzt\u00e4tigkeit<br \/> &#8211; Muskelspannung steigt<br \/> &#8211; Gerinnungsf\u00e4higkeit des Blutes erh\u00f6ht<br \/> &#8211; Hemmung der Insulinproduktion -&gt; Zucker erh\u00f6ht<br \/> &#8211; Energieabbau<br \/> &#8211; Reduzierte Durchblutung der Genitalien<\/p>\n<p><b>Erkrankungen:<\/b><\/p>\n<p>&#8211; Bluthochdruck<br \/> &#8211; Chronische Verspannungen<br \/> &#8211; Herzinfarkt, Schlaganfall<br \/> &#8211; Diabetes mellitus<br \/> &#8211; Burnout \/ Depressionen<br \/> &#8211; Erektile Dysfunktion \/ Fertilit\u00e4tsst\u00f6rung<\/p>\n<p><b>Aktivit\u00e4t des Parasympathikus:<\/b><\/p>\n<p>&#8211; Blutdrucksenkung<br \/> &#8211; Blutverd\u00fcnnung<br \/> &#8211; Insulinproduktion<br \/> &#8211; Energieaufbau, Regeneration<br \/> &#8211; Erektion<\/p>\n<p>Die Messung wird mit einem Brustgurt im Sitzen durchgef\u00fchrt und dauert ca. 5-10 min. (je nach Herzfrequenz). Es ist vollkommen schmerz- und nebenwirkungsfrei und sollte zur Pr\u00e4vention 1-2 Mal pro Jahr durchgef\u00fchrt werden. Bei Bedarf kann es auch kurzfristig zur Therapiekontrolle wiederholt werden.<\/p>\n<h1>Noch Fragen ?<br \/><\/h1>\n<p>Kein Problem! Schreiben Sie einfach eine Email unter <a href=\"mailto:info@naturheilpraxis-nebel.de\">info@naturheilpraxis-nebel.de<\/a> oder rufen Sie an unter <b>03443 \/ 82 04 88.<\/b><br \/> Falls nur der Anrufbeantworter erreichbar ist, hinterlassen Sie eine kurze Nachricht und Ihre Telefonnummer.<br \/>Ihre Anfragen werden schnellstm\u00f6glich beantwortet.<\/p>\n<h1>Kontakt und Anschrift<br \/><\/h1>\n<p style=\"text-align: left;\">Karl-Hoyer-Stra\u00dfe 9c<br \/>06667 Wei\u00dfenfels<\/p>\n<p style=\"text-align: left;\">Telefon: \u00a0 \u00a0 <strong>03443\/82 04 88<\/strong><br \/>E-Mail: \u00a0 \u00a0 \u00a0<a href=\"mailto:osteo@naturheilpraxis-nebel.de\" target=\"_blank\" rel=\"noreferrer noopener\">info@naturheilpraxis-nebel.de<\/a><\/p>\n<p style=\"text-align: left;\">Termine nach Vereinbarung.<\/p>\n<p><a href=\"https:\/\/g.page\/OsteoNebel\/review\" target=\"_blank\" rel=\"noopener\"> <em><svg aria-hidden=\"true\"><use href=\"#tf-fab-google\"><\/use><\/svg><\/em> Auf Google bewerten <\/a><\/p>\n<ul id=\"menu-footer\">\n<li id=\"menu-item-214\"><a href=\"https:\/\/naturheilpraxis-nebel.de\/\">Startseite<\/a><\/li>\n<li id=\"menu-item-58\"><a href=\"https:\/\/naturheilpraxis-nebel.de\/?page_id=54\">Datenschutz<\/a><\/li>\n<\/ul>\n<p><!--\/themify_builder_static--><\/p>\n","protected":false},"excerpt":{"rendered":"<p>Praxis f\u00fcr Osteopathie und NaturheilkundeSebastian Nebel Die Gesundheit ist ein kostbares Gut. Das erkennt man sp\u00e4testens,\u00a0wenn das Gleichgewicht des K\u00f6rpers einmal gest\u00f6rt ist.\u00a0 Um dieses wiederherzustellen, betrachte ich jeden Menschen ganzheitlich und suche gemeinsam mit Ihnen einen L\u00f6sungsweg.\u00a0 Behandlungsschwerpunkte chronisch rezidivierende Wirbels\u00e4ulebeschwerden Schulter-Nackenverspannungen Tendopathien \/ Sehnenscheidenentz\u00fcndungen Migr\u00e4ne und chronische Kopfschmerzen arthrosebedingte Gelenksbeschwerden Schwindel Physikalische Gef\u00e4\u00dftherapie [&hellip;]<\/p>\n","protected":false},"author":1,"featured_media":0,"parent":0,"menu_order":0,"comment_status":"closed","ping_status":"closed","template":"","meta":{"footnotes":""},"class_list":["post-61","page","type-page","status-publish","hentry"],"_links":{"self":[{"href":"https:\/\/naturheilpraxis-nebel.de\/index.php?rest_route=\/wp\/v2\/pages\/61","targetHints":{"allow":["GET"]}}],"collection":[{"href":"https:\/\/naturheilpraxis-nebel.de\/index.php?rest_route=\/wp\/v2\/pages"}],"about":[{"href":"https:\/\/naturheilpraxis-nebel.de\/index.php?rest_route=\/wp\/v2\/types\/page"}],"author":[{"embeddable":true,"href":"https:\/\/naturheilpraxis-nebel.de\/index.php?rest_route=\/wp\/v2\/users\/1"}],"replies":[{"embeddable":true,"href":"https:\/\/naturheilpraxis-nebel.de\/index.php?rest_route=%2Fwp%2Fv2%2Fcomments&post=61"}],"version-history":[{"count":391,"href":"https:\/\/naturheilpraxis-nebel.de\/index.php?rest_route=\/wp\/v2\/pages\/61\/revisions"}],"predecessor-version":[{"id":577,"href":"https:\/\/naturheilpraxis-nebel.de\/index.php?rest_route=\/wp\/v2\/pages\/61\/revisions\/577"}],"wp:attachment":[{"href":"https:\/\/naturheilpraxis-nebel.de\/index.php?rest_route=%2Fwp%2Fv2%2Fmedia&parent=61"}],"curies":[{"name":"wp","href":"https:\/\/api.w.org\/{rel}","templated":true}]}}